{"id":31,"date":"2026-01-22T22:46:11","date_gmt":"2026-01-22T22:46:11","guid":{"rendered":"https:\/\/bc88bet.one\/?page_id=31"},"modified":"2026-01-23T04:44:18","modified_gmt":"2026-01-23T04:44:18","slug":"trang-chu","status":"publish","type":"page","link":"https:\/\/bc88bet.one\/","title":{"rendered":"Trang ch\u1ee7"},"content":{"rendered":"<div class=\"slider-wrapper relative\" id=\"slider-1884448831\" >\n    <div class=\"slider slider-nav-circle slider-nav-large slider-nav-light slider-style-normal\"\n        data-flickity-options='{\n            \"cellAlign\": \"center\",\n            \"imagesLoaded\": true,\n            \"lazyLoad\": 1,\n            \"freeScroll\": false,\n            \"wrapAround\": true,\n            \"autoPlay\": 1500,\n            \"pauseAutoPlayOnHover\" : true,\n            \"prevNextButtons\": true,\n            \"contain\" : true,\n            \"adaptiveHeight\" : true,\n            \"dragThreshold\" : 10,\n            \"percentPosition\": true,\n            \"pageDots\": true,\n            \"rightToLeft\": false,\n            \"draggable\": true,\n            \"selectedAttraction\": 0.1,\n            \"parallax\" : 0,\n            \"friction\": 0.6        }'\n        >\n        \n\t<div class=\"img has-hover x md-x lg-x y md-y lg-y\" id=\"image_1591104796\">\n\t\t<a class=\"\" href=\"https:\/\/bc88bet.one\/qc\/1\" target=\"_blank\" rel=\"noopener\" >\t\t\t\t\t\t<div class=\"img-inner dark\" >\n\t\t\t<img loading=\"lazy\" decoding=\"async\" width=\"760\" height=\"237\" src=\"https:\/\/bc88bet.one\/wp-content\/uploads\/2026\/01\/bc88-gt.webp\" class=\"attachment-original size-original\" alt=\"bc88bet\" srcset=\"https:\/\/bc88bet.one\/wp-content\/uploads\/2026\/01\/bc88-gt.webp 760w, https:\/\/bc88bet.one\/wp-content\/uploads\/2026\/01\/bc88-gt-300x94.webp 300w\" sizes=\"auto, (max-width: 760px) 100vw, 760px\" \/>\t\t\t\t\t\t\n\t\t\t\t\t<\/div>\n\t\t\t\t\t\t<\/a>\t\t\n<style>\n#image_1591104796 {\n  width: 100%;\n}\n<\/style>\n\t<\/div>\n\t\n\t<div class=\"img has-hover x md-x lg-x y md-y lg-y\" id=\"image_132107593\">\n\t\t<a class=\"\" href=\"https:\/\/bc88bet.one\/qc\/1\" target=\"_blank\" rel=\"noopener\" >\t\t\t\t\t\t<div class=\"img-inner dark\" >\n\t\t\t<img loading=\"lazy\" decoding=\"async\" width=\"760\" height=\"237\" src=\"https:\/\/bc88bet.one\/wp-content\/uploads\/2026\/01\/bc88-tet.webp\" class=\"attachment-original size-original\" alt=\"bc88bet\" srcset=\"https:\/\/bc88bet.one\/wp-content\/uploads\/2026\/01\/bc88-tet.webp 760w, https:\/\/bc88bet.one\/wp-content\/uploads\/2026\/01\/bc88-tet-300x94.webp 300w\" sizes=\"auto, (max-width: 760px) 100vw, 760px\" \/>\t\t\t\t\t\t\n\t\t\t\t\t<\/div>\n\t\t\t\t\t\t<\/a>\t\t\n<style>\n#image_132107593 {\n  width: 100%;\n}\n<\/style>\n\t<\/div>\n\t\n\t<div class=\"img has-hover x md-x lg-x y md-y lg-y\" id=\"image_291199095\">\n\t\t<a class=\"\" href=\"https:\/\/bc88bet.one\/qc\/1\" target=\"_blank\" rel=\"noopener\" >\t\t\t\t\t\t<div class=\"img-inner dark\" >\n\t\t\t<img loading=\"lazy\" decoding=\"async\" width=\"760\" height=\"237\" src=\"https:\/\/bc88bet.one\/wp-content\/uploads\/2026\/01\/bc88-rut.webp\" class=\"attachment-original size-original\" alt=\"bc88bet\" srcset=\"https:\/\/bc88bet.one\/wp-content\/uploads\/2026\/01\/bc88-rut.webp 760w, https:\/\/bc88bet.one\/wp-content\/uploads\/2026\/01\/bc88-rut-300x94.webp 300w\" sizes=\"auto, (max-width: 760px) 100vw, 760px\" \/>\t\t\t\t\t\t\n\t\t\t\t\t<\/div>\n\t\t\t\t\t\t<\/a>\t\t\n<style>\n#image_291199095 {\n  width: 100%;\n}\n<\/style>\n\t<\/div>\n\t\n\t<div class=\"img has-hover x md-x lg-x y md-y lg-y\" id=\"image_817081535\">\n\t\t<a class=\"\" href=\"https:\/\/bc88bet.one\/qc\/1\" target=\"_blank\" rel=\"noopener\" >\t\t\t\t\t\t<div class=\"img-inner dark\" >\n\t\t\t<img loading=\"lazy\" decoding=\"async\" width=\"760\" height=\"237\" src=\"https:\/\/bc88bet.one\/wp-content\/uploads\/2026\/01\/bc88-nd.webp\" class=\"attachment-original size-original\" alt=\"\" srcset=\"https:\/\/bc88bet.one\/wp-content\/uploads\/2026\/01\/bc88-nd.webp 760w, https:\/\/bc88bet.one\/wp-content\/uploads\/2026\/01\/bc88-nd-300x94.webp 300w\" sizes=\"auto, (max-width: 760px) 100vw, 760px\" \/>\t\t\t\t\t\t\n\t\t\t\t\t<\/div>\n\t\t\t\t\t\t<\/a>\t\t\n<style>\n#image_817081535 {\n  width: 100%;\n}\n<\/style>\n\t<\/div>\n\t\n\t<div class=\"img has-hover x md-x lg-x y md-y lg-y\" id=\"image_1320668670\">\n\t\t<a class=\"\" href=\"https:\/\/bc88bet.one\/qc\/1\" target=\"_blank\" rel=\"noopener\" >\t\t\t\t\t\t<div class=\"img-inner dark\" >\n\t\t\t<img loading=\"lazy\" decoding=\"async\" width=\"760\" height=\"237\" src=\"https:\/\/bc88bet.one\/wp-content\/uploads\/2026\/01\/bc88-dauxuan.webp\" class=\"attachment-original size-original\" alt=\"bc88bet\" srcset=\"https:\/\/bc88bet.one\/wp-content\/uploads\/2026\/01\/bc88-dauxuan.webp 760w, https:\/\/bc88bet.one\/wp-content\/uploads\/2026\/01\/bc88-dauxuan-300x94.webp 300w\" sizes=\"auto, (max-width: 760px) 100vw, 760px\" \/>\t\t\t\t\t\t\n\t\t\t\t\t<\/div>\n\t\t\t\t\t\t<\/a>\t\t\n<style>\n#image_1320668670 {\n  width: 100%;\n}\n<\/style>\n\t<\/div>\n\t\n     <\/div>\n\n     <div class=\"loading-spin dark large centered\"><\/div>\n\n\t<\/div>\n\n\n<div class=\"row\"  id=\"row-1715108111\">\n\n\t<div id=\"col-1184150364\" class=\"col small-12 large-12\"  >\n\t\t\t\t<div class=\"col-inner\"  >\n\t\t\t\n\t\t\t\n\t<div id=\"text-25374699\" class=\"text\">\n\t\t\n<h1 style=\"text-align: center;\"><span style=\"font-family: verdana, geneva, sans-serif;\"><a href=\"https:\/\/bc88best.com\/\" target=\"_blank\" rel=\"noopener\">BC88BET<\/a> &#8211; Nh\u00e0 C\u00e1i Uy T\u00edn H\u00e0ng \u0110\u1ea7u Ch\u00e2u \u00c1 2026<\/span><\/h1>\n<blockquote><p><span style=\"font-family: verdana, geneva, sans-serif;\"><strong><a href=\"https:\/\/bc88bet.one\/\">BC88BET<\/a> <\/strong>l\u00e0 n\u1ec1n t\u1ea3ng gi\u1ea3i tr\u00ed tr\u1ef1c tuy\u1ebfn hi\u1ec7n \u0111\u1ea1i, ho\u1ea1t \u0111\u1ed9ng h\u1ee3p ph\u00e1p d\u01b0\u1edbi s\u1ef1 gi\u00e1m s\u00e1t qu\u1ed1c t\u1ebf v\u00e0 \u0111\u1ea1t nhi\u1ec1u ch\u1ee9ng nh\u1eadn ch\u1ea5t l\u01b0\u1ee3ng uy t\u00edn. V\u1edbi c\u1ed9ng \u0111\u1ed3ng h\u00e0ng tri\u1ec7u ng\u01b0\u1eddi ch\u01a1i tin t\u01b0\u1edfng, BC88BET mang \u0111\u1ebfn m\u00f4i tr\u01b0\u1eddng c\u00e1 c\u01b0\u1ee3c minh b\u1ea1ch, an to\u00e0n v\u00e0 t\u1ed1c \u0111\u1ed9 x\u1eed l\u00fd giao d\u1ecbch v\u01b0\u1ee3t tr\u1ed9i.<\/span><\/p><\/blockquote>\n\t\t\n<style>\n#text-25374699 {\n  color: rgb(0,0,0);\n}\n#text-25374699 > * {\n  color: rgb(0,0,0);\n}\n<\/style>\n\t<\/div>\n\t\n<div class=\"container section-title-container\" ><h2 class=\"section-title section-title-center\"><b><\/b><span class=\"section-title-main\" style=\"color:rgb(6, 6, 6);\">\u0110i\u1ec3m n\u1ed5i b\u1eadt m\u00e0 ng\u01b0\u1eddi ch\u01a1i y\u00eau th\u00edch t\u1ea1i bc88bet<\/span><b><\/b><\/h2><\/div>\n<div class=\"row\"  id=\"row-636341554\">\n\n\t<div id=\"col-702882739\" class=\"col medium-4 small-12 large-4\"  >\n\t\t\t\t<div class=\"col-inner\"  >\n\t\t\t\n\t\t\t\n\t<div class=\"box has-hover   has-hover box-text-bottom\" >\n\n\t\t<div class=\"box-image\" style=\"width:35%;\">\n\t\t\t<a href=\"https:\/\/bc88bet.one\/qc\/2\" target=\"_blank\" rel=\"noopener\">\t\t\t<div class=\"\" >\n\t\t\t\t<img loading=\"lazy\" decoding=\"async\" width=\"80\" height=\"80\" src=\"https:\/\/bc88bet.one\/wp-content\/uploads\/2026\/01\/thuong-hieu-uy-tin.webp\" class=\"attachment- size-\" alt=\"bc88bet\" \/>\t\t\t\t\t\t\t\t\t\t\t<\/div>\n\t\t\t<\/a>\t\t<\/div>\n\n\t\t<div class=\"box-text text-center\" >\n\t\t\t<div class=\"box-text-inner\">\n\t\t\t\t\n\t<div id=\"text-3395803550\" class=\"text\">\n\t\t\n<h3><span style=\"font-family: verdana, geneva, sans-serif;\"><b>Giao di\u1ec7n<strong>\u00a0<\/strong>th\u00e2n thi\u1ec7n, t\u1ed1c \u0111\u1ed9 m\u01b0\u1ee3t m\u00e0<\/b><\/span><\/h3>\n<p><span style=\"font-family: verdana, geneva, sans-serif;\">BC88BET c\u00f2n n\u1ed5i b\u1eadt nh\u1edd v\u00e0o thi\u1ebft k\u1ebf giao di\u1ec7n hi\u1ec7n \u0111\u1ea1i c\u00f9ng h\u1ec7 th\u1ed1ng \u00e2m thanh \u2013 \u0111\u1ed3 h\u1ecda s\u1eafc n\u00e9t \u0111\u1ea1t chu\u1ea9n Full HD. T\u1eebng tr\u00f2 ch\u01a1i \u0111\u1ec1u \u0111\u01b0\u1ee3c t\u1ed1i \u01b0u \u0111\u1ec3 mang l\u1ea1i tr\u1ea3i nghi\u1ec7m m\u01b0\u1ee3t m\u00e0, t\u01b0\u01a1ng th\u00edch t\u1ed1t v\u1edbi h\u01a1n 95% thi\u1ebft b\u1ecb tr\u00ean th\u1ecb tr\u01b0\u1eddng. M\u00e0u s\u1eafc d\u1ecbu m\u1eaft, b\u1ed1 c\u1ee5c d\u1ec5 thao t\u00e1c gi\u00fap ng\u01b0\u1eddi ch\u01a1i d\u1ec5 d\u00e0ng ti\u1ebfp c\u1eadn d\u00f9 l\u00e0 ng\u01b0\u1eddi m\u1edbi hay \u0111\u00e3 c\u00f3 kinh nghi\u1ec7m.<\/span><\/p>\n\t\t\n<style>\n#text-3395803550 {\n  text-align: center;\n  color: rgb(0,0,0);\n}\n#text-3395803550 > * {\n  color: rgb(0,0,0);\n}\n<\/style>\n\t<\/div>\n\t\n\t\t\t<\/div>\n\t\t<\/div>\n\t<\/div>\n\t\n\t\t<\/div>\n\t\t\t\t\t<\/div>\n\n\t\n\n\t<div id=\"col-976518950\" class=\"col medium-4 small-12 large-4\"  >\n\t\t\t\t<div class=\"col-inner\"  >\n\t\t\t\n\t\t\t\n\t<div class=\"box has-hover   has-hover box-text-bottom\" >\n\n\t\t<div class=\"box-image\" style=\"width:35%;\">\n\t\t\t<a href=\"https:\/\/bc88bet.one\/qc\/2\" target=\"_blank\" rel=\"noopener\">\t\t\t<div class=\"\" >\n\t\t\t\t<img loading=\"lazy\" decoding=\"async\" width=\"80\" height=\"80\" src=\"https:\/\/bc88bet.one\/wp-content\/uploads\/2026\/01\/san-pham.webp\" class=\"attachment- size-\" alt=\"bc88bet\" \/>\t\t\t\t\t\t\t\t\t\t\t<\/div>\n\t\t\t<\/a>\t\t<\/div>\n\n\t\t<div class=\"box-text text-center\" >\n\t\t\t<div class=\"box-text-inner\">\n\t\t\t\t\n\t<div id=\"text-2291707025\" class=\"text\">\n\t\t\n<h3><span style=\"font-family: verdana, geneva, sans-serif;\"><b>\u0110a d\u1ea1ng s\u1ea3n ph\u1ea9m k\u00e8o c\u01b0\u1ee3c v\u00e0 th\u1ec3 lo\u1ea1i h\u1ea5p\u00a0<\/b><\/span><\/h3>\n<p><span style=\"font-family: verdana, geneva, sans-serif;\">\u0110i\u1ec3m khi\u1ebfn s\u00e2n ch\u01a1i n\u00e0y n\u1ed5i b\u1eadt nh\u1ea5t ch\u00ednh l\u00e0 kho game \u0111\u1ed5i th\u01b0\u1edfng \u0111a d\u1ea1ng v\u00e0 \u0111\u1ea7y h\u1ea5p d\u1eabn. Ch\u00ednh s\u1ef1 \u0111\u1ea7u t\u01b0 ch\u1ec9n chu trong t\u1eebng s\u1ea3nh ch\u01a1i \u0111\u00e3 gi\u00fap n\u01a1i \u0111\u00e2y gi\u1eef v\u1eefng v\u1ecb th\u1ebf v\u00e0 lu\u00f4n n\u1eb1m trong danh s\u00e1ch l\u1ef1a ch\u1ecdn h\u00e0ng \u0111\u1ea7u c\u1ee7a ng\u01b0\u1eddi ch\u01a1i. M\u1ed7i h\u00ecnh th\u1ee9c gi\u1ea3i tr\u00ed \u0111\u1ec1u \u0111\u01b0\u1ee3c thi\u1ebft k\u1ebf v\u1edbi t\u1ec9 l\u1ec7 th\u01b0\u1edfng h\u1ee3p l\u00fd, lu\u1eadt ch\u01a1i r\u00f5 r\u00e0ng c\u00f9ng c\u01a1 h\u1ed9i th\u1eafng cao, ph\u00f9 h\u1ee3p cho c\u1ea3 ng\u01b0\u1eddi m\u1edbi l\u1eabn m\u1ecdi cao th\u1ee7 l\u00e2u n\u0103m.<\/span><\/p>\n\t\t\n<style>\n#text-2291707025 {\n  color: rgb(0,0,0);\n}\n#text-2291707025 > * {\n  color: rgb(0,0,0);\n}\n<\/style>\n\t<\/div>\n\t\n\t\t\t<\/div>\n\t\t<\/div>\n\t<\/div>\n\t\n\t\t<\/div>\n\t\t\t\t\t<\/div>\n\n\t\n\n\t<div id=\"col-1039987063\" class=\"col medium-4 small-12 large-4\"  >\n\t\t\t\t<div class=\"col-inner\"  >\n\t\t\t\n\t\t\t\n\t<div class=\"box has-hover   has-hover box-text-bottom\" >\n\n\t\t<div class=\"box-image\" style=\"width:35%;\">\n\t\t\t<a href=\"https:\/\/bc88bet.one\/qc\/2\" target=\"_blank\" rel=\"noopener\">\t\t\t<div class=\"\" >\n\t\t\t\t<img loading=\"lazy\" decoding=\"async\" width=\"80\" height=\"80\" src=\"https:\/\/bc88bet.one\/wp-content\/uploads\/2026\/01\/bm-an-toan.webp\" class=\"attachment- size-\" alt=\"bc88bet\" \/>\t\t\t\t\t\t\t\t\t\t\t<\/div>\n\t\t\t<\/a>\t\t<\/div>\n\n\t\t<div class=\"box-text text-center\" >\n\t\t\t<div class=\"box-text-inner\">\n\t\t\t\t\n\t<div id=\"text-2043947074\" class=\"text\">\n\t\t\n<h3><span style=\"font-family: verdana, geneva, sans-serif;\"><b>H\u1ec7 th\u1ed1ng b\u1ea3o m\u1eadt an to\u00e0n tuy\u1ec7t \u0111\u1ed1i<\/b><\/span><\/h3>\n<p><span style=\"font-family: verdana, geneva, sans-serif;\">BC88BET s\u1eed d\u1ee5ng c\u00f4ng ngh\u1ec7 m\u00e3 h\u00f3a SSL-128 bit k\u1ebft h\u1ee3p v\u1edbi thu\u1eadt to\u00e1n 11 l\u1edbp b\u1ea3o m\u1eadt ng\u1eabu nhi\u00ean, \u0111\u1ea3m b\u1ea3o th\u00f4ng tin c\u00e1 nh\u00e2n c\u1ee7a ng\u01b0\u1eddi ch\u01a1i lu\u00f4n \u0111\u01b0\u1ee3c b\u1ea3o v\u1ec7 an to\u00e0n tuy\u1ec7t \u0111\u1ed1i. D\u1eef li\u1ec7u ch\u1ec9 \u0111\u01b0\u1ee3c s\u1eed d\u1ee5ng khi c\u00f3 y\u00eau c\u1ea7u t\u1eeb ph\u00eda ng\u01b0\u1eddi ch\u01a1i ho\u1eb7c ph\u1ee5c v\u1ee5 cho m\u1ee5c \u0111\u00edch x\u00e1c minh, tuy\u1ec7t \u0111\u1ed1i kh\u00f4ng chia s\u1ebb cho b\u00ean th\u1ee9 ba.\u00a0<\/span><\/p>\n\t\t\n<style>\n#text-2043947074 {\n  color: rgb(0,0,0);\n}\n#text-2043947074 > * {\n  color: rgb(0,0,0);\n}\n<\/style>\n\t<\/div>\n\t\n\t\t\t<\/div>\n\t\t<\/div>\n\t<\/div>\n\t\n\t\t<\/div>\n\t\t\t\t\t<\/div>\n\n\t\n<\/div>\n<div class=\"row\"  id=\"row-894237673\">\n\n\t<div id=\"col-2074824604\" class=\"col medium-6 small-12 large-6\"  >\n\t\t\t\t<div class=\"col-inner\"  >\n\t\t\t\n\t\t\t\n\t<div class=\"box has-hover   has-hover box-text-bottom\" >\n\n\t\t<div class=\"box-image\" style=\"width:25%;\">\n\t\t\t<a href=\"https:\/\/bc88bet.one\/qc\/2\" target=\"_blank\" rel=\"noopener\">\t\t\t<div class=\"\" >\n\t\t\t\t<img loading=\"lazy\" decoding=\"async\" width=\"80\" height=\"80\" src=\"https:\/\/bc88bet.one\/wp-content\/uploads\/2026\/01\/giao-dich-nhanh.webp\" class=\"attachment- size-\" alt=\"bc88bet\" \/>\t\t\t\t\t\t\t\t\t\t\t<\/div>\n\t\t\t<\/a>\t\t<\/div>\n\n\t\t<div class=\"box-text text-center\" >\n\t\t\t<div class=\"box-text-inner\">\n\t\t\t\t\n\t<div id=\"text-2135167459\" class=\"text\">\n\t\t\n<h3><strong><span style=\"font-family: verdana, geneva, sans-serif;\">Ph\u01b0\u01a1ng th\u1ee9c giao d\u1ecbch si\u00eau t\u1ed1c<\/span><\/strong><\/h3>\n<p><span style=\"font-family: verdana, geneva, sans-serif;\">Ngay sau khi gi\u00e0nh chi\u1ebfn th\u1eafng, h\u1ec7 th\u1ed1ng c\u1ee7a BC88BET s\u1ebd t\u1ef1 \u0111\u1ed9ng x\u1eed l\u00fd v\u00e0 ho\u00e0n tr\u1ea3 ti\u1ec1n th\u01b0\u1edfng v\u1ec1 t\u00e0i kho\u1ea3n ng\u01b0\u1eddi ch\u01a1i trong v\u00f2ng ch\u01b0a \u0111\u1ebfn 30 gi\u00e2y. Giao d\u1ecbch n\u1ea1p &#8211; r\u00fat nhanh ch\u00f3ng ch\u1ec9 trong v\u00f2ng t\u1eeb 2 \u2013 5 ph\u00fat. V\u1edbi nh\u1eefng ng\u01b0\u1eddi ch\u01a1i \u0111\u00e3 x\u00e1c minh t\u00e0i kho\u1ea3n, vi\u1ec7c r\u00fat ti\u1ec1n \u0111\u01b0\u1ee3c ti\u1ebfn h\u00e0nh ngay l\u1eadp t\u1ee9c m\u00e0 kh\u00f4ng c\u1ea7n ch\u1edd \u0111\u1ee3i l\u00e2u.<\/span><\/p>\n\t\t\n<style>\n#text-2135167459 {\n  color: rgb(0,0,0);\n}\n#text-2135167459 > * {\n  color: rgb(0,0,0);\n}\n<\/style>\n\t<\/div>\n\t\n\t\t\t<\/div>\n\t\t<\/div>\n\t<\/div>\n\t\n\t\t<\/div>\n\t\t\t\t\t<\/div>\n\n\t\n\n\t<div id=\"col-2038130112\" class=\"col medium-6 small-12 large-6\"  >\n\t\t\t\t<div class=\"col-inner\"  >\n\t\t\t\n\t\t\t\n\t<div class=\"box has-hover   has-hover box-text-bottom\" >\n\n\t\t<div class=\"box-image\" style=\"width:25%;\">\n\t\t\t<a href=\"https:\/\/bc88bet.one\/qc\/2\" target=\"_blank\" rel=\"noopener\">\t\t\t<div class=\"\" >\n\t\t\t\t<img loading=\"lazy\" decoding=\"async\" width=\"80\" height=\"80\" src=\"https:\/\/bc88bet.one\/wp-content\/uploads\/2026\/01\/cskh-2.png\" class=\"attachment- size-\" alt=\"\" \/>\t\t\t\t\t\t\t\t\t\t\t<\/div>\n\t\t\t<\/a>\t\t<\/div>\n\n\t\t<div class=\"box-text text-center\" >\n\t\t\t<div class=\"box-text-inner\">\n\t\t\t\t\n\t<div id=\"text-2147399865\" class=\"text\">\n\t\t\n<h3><span style=\"font-family: verdana, geneva, sans-serif;\"><b>D\u1ecbch v\u1ee5 ch\u0103m s\u00f3c kh\u00e1ch h\u00e0ng<\/b><\/span><\/h3>\n<p><span style=\"font-family: verdana, geneva, sans-serif;\">\u00a0\u0110\u1ed9i ng\u0169 ch\u0103m s\u00f3c kh\u00e1ch h\u00e0ng, l\u00e0m vi\u1ec7c theo ca \u0111\u1ec3 \u0111\u1ea3m b\u1ea3o ph\u1ee5c v\u1ee5 ng\u01b0\u1eddi ch\u01a1i 24 gi\u1edd m\u1ed7i ng\u00e0y, 365 ng\u00e0y m\u1ed7i n\u0103m. Ng\u01b0\u1eddi d\u00f9ng c\u00f3 th\u1ec3 li\u00ean h\u1ec7 qua nhi\u1ec1u k\u00eanh kh\u00e1c nhau nh\u01b0: live chat t\u1ea1i giao di\u1ec7n ch\u00ednh, hotline, email, Telegram ho\u1eb7c fanpage ch\u00ednh th\u1ee9c. H\u1ec7 th\u1ed1ng s\u1ebd ti\u1ebfp nh\u1eadn v\u00e0 x\u1eed l\u00fd c\u00e1c y\u00eau c\u1ea7u ch\u1ec9 trong v\u00f2ng ch\u01b0a \u0111\u1ea7y 2 ph\u00fat.<\/span><\/p>\n\t\t\n<style>\n#text-2147399865 {\n  color: rgb(0,0,0);\n}\n#text-2147399865 > * {\n  color: rgb(0,0,0);\n}\n<\/style>\n\t<\/div>\n\t\n\t\t\t<\/div>\n\t\t<\/div>\n\t<\/div>\n\t\n\t\t<\/div>\n\t\t\t\t\t<\/div>\n\n\t\n<\/div>\n<div class=\"container section-title-container\" ><h2 class=\"section-title section-title-normal\"><b><\/b><span class=\"section-title-main\" style=\"color:rgb(22, 22, 22);\">KHO GAME \u0110A D\u1ea0NG V\u00c0 PHONG PH\u00da<\/span><b><\/b><\/h2><\/div>\n\t<div class=\"img has-hover x md-x lg-x y md-y lg-y\" id=\"image_1070445040\">\n\t\t<a class=\"\" href=\"https:\/\/bc88bet.one\/qc\/2\" target=\"_blank\" rel=\"noopener\">\t\t\t\t\t\t<div class=\"img-inner image-zoom dark\" >\n\t\t\t<img loading=\"lazy\" decoding=\"async\" width=\"750\" height=\"646\" src=\"https:\/\/bc88bet.one\/wp-content\/uploads\/2026\/01\/9d0561_750x646.png\" class=\"attachment-original size-original\" alt=\"\" srcset=\"https:\/\/bc88bet.one\/wp-content\/uploads\/2026\/01\/9d0561_750x646.png 750w, https:\/\/bc88bet.one\/wp-content\/uploads\/2026\/01\/9d0561_750x646-300x258.png 300w\" sizes=\"auto, (max-width: 750px) 100vw, 750px\" \/>\t\t\t\t\t\t\n\t\t\t\t\t<\/div>\n\t\t\t\t\t\t<\/a>\t\t\n<style>\n#image_1070445040 {\n  width: 100%;\n}\n<\/style>\n\t<\/div>\n\t\n\t<div id=\"text-3210918410\" class=\"text\">\n\t\t\n<div id=\"col-288510528\" class=\"col small-12 large-12\">\n<div class=\"col-inner\">\n<div class=\"text\">\n<h2><span style=\"font-family: verdana, geneva, sans-serif;\"><b>Ch\u01b0\u01a1ng tr\u00ecnh khuy\u1ebfn m\u00e3i si\u00eau h\u1ea5p d\u1eabn<\/b><\/span><\/h2>\n<p><span style=\"font-family: verdana, geneva, sans-serif;\">\u0110\u1ec3 t\u1ea1o s\u1ef1 ch\u00fa \u00fd t\u1eeb nh\u1eefng ng\u00e0y \u0111\u1ea7u, th\u00e0nh c\u00f4ng thu h\u00fat l\u01b0\u1ee3t \u0111\u0103ng k\u00fd m\u1edbi, <strong>BC88BET <\/strong>t\u1eadp trung v\u00e0o tri\u1ec3n khai khuy\u1ebfn m\u00e3i. Ngay khi ho\u00e0n t\u1ea5t th\u1ee7 t\u1ee5c \u0111\u0103ng k\u00fd, b\u1ea1n ph\u1ea7n qu\u00e0 ch\u00e0o m\u1eebng gi\u00e1 tr\u1ecb, c\u01a1 h\u1ed9i tr\u1ea3i nghi\u1ec7m n\u1ec1n t\u1ea3ng, kho gi\u1ea3i tr\u00ed.<\/span><\/p>\n<ul>\n<li aria-level=\"1\"><span style=\"font-family: verdana, geneva, sans-serif;\">T\u1eb7ng \u0111\u1ebfn 38K ngay khi ho\u00e0n t\u1ea5t th\u1ee7 t\u1ee5c \u0111\u0103ng k\u00fd v\u00e0 t\u1ea3i App, t\u00e0i kho\u1ea3n k\u00edch ho\u1ea1t th\u00e0nh c\u00f4ng b\u1edfi h\u1ec7 th\u1ed1ng t\u1ef1 \u0111\u1ed9ng.<\/span><\/li>\n<li aria-level=\"1\"><span style=\"font-family: verdana, geneva, sans-serif;\">Nh\u1eadn \u0111\u1ebfn 100% gi\u00e1 tr\u1ecb th\u1ebb n\u1ea1p l\u00ean \u0111\u1ebfn 28.888K ch\u1ec9 t\u1eeb 200K trong l\u1ea7n giao d\u1ecbch \u0111\u1ea7u, r\u00fat ch\u1ec9 sau 3 l\u01b0\u1ee3t c\u01b0\u1ee3c h\u1ee3p l\u1ec7.<\/span><\/li>\n<li aria-level=\"1\"><span style=\"font-family: verdana, geneva, sans-serif;\">Th\u01b0\u1edfng \u0111\u1ebfn 8,888K cho t\u1ea5t c\u1ea3 h\u1ed9i vi\u00ean l\u1ea7n \u0111\u1ea7u giao d\u1ecbch, \u00e1p d\u1ee5ng v\u1edbi chuy\u00ean m\u1ee5c game hot nh\u01b0 n\u1ed5 h\u0169, b\u1eafn c\u00e1.<\/span><\/li>\n<li aria-level=\"1\"><span style=\"font-family: verdana, geneva, sans-serif;\">T\u1eb7ng th\u01b0\u1edfng hi\u1ec7n v\u1eadt h\u00e0ng tu\u1ea7n, h\u00e0ng th\u00e1ng v\u1edbi v\u00f2ng quay may m\u1eafn nh\u1eadn ngayqu\u00e0 kh\u1ee7ng<\/span><\/li>\n<\/ul>\n<p><span style=\"font-family: verdana, geneva, sans-serif;\">Kh\u00f4ng ch\u1ec9 t\u1eadp trung v\u00e0o ng\u01b0\u1eddi m\u1edbi,\u00a0<strong>n\u1ec1n t\u1ea3ng <\/strong>d\u1ef1 t\u00ednh th\u01b0\u1eddng xuy\u00ean tri\u1ec3n khai \u01b0u \u0111\u00e3i d\u00e0nh cho th\u00e0nh vi\u00ean l\u00e2u n\u0103m. N\u1ed5i b\u1eadt t\u1eeb ho\u00e0n tr\u1ea3 VIP, th\u01b0\u1edfng sinh nh\u1eadt \u0111\u1ebfn c\u00e1c s\u1ef1 ki\u1ec7n \u0111\u1eb7c bi\u1ec7t v\u00e0o d\u1ecbp l\u1ec5. M\u1ecdi ch\u01b0\u01a1ng tr\u00ecnh \u0111\u1ec1u c\u00f3 quy \u0111\u1ecbnh r\u00f5 r\u00e0ng, minh b\u1ea1ch, \u0111\u1ea3m b\u1ea3o d\u1ec5 d\u00e0ng nh\u1eadn th\u01b0\u1edfng.<\/span><\/p>\n<p><strong style=\"font-family: verdana, geneva, sans-serif; font-size: 23.04px; color: #333333;\">K\u1ebft lu\u1eadn<\/strong><\/p>\n<p><b style=\"font-family: verdana, geneva, sans-serif; font-size: 14.4px;\">BC88BET <\/b><span style=\"font-family: verdana, geneva, sans-serif; font-size: 14.4px;\">\u0111ang t\u1eebng b\u01b0\u1edbc kh\u1eb3ng \u0111\u1ecbnh v\u1ecb th\u1ebf c\u1ee7a m\u1ed9t nh\u00e0 c\u00e1i m\u1edbi nh\u01b0ng \u0111\u1ea7y ti\u1ec1m n\u0103ng. S\u1ef1 k\u1ebft h\u1ee3p gi\u1eefa c\u00f4ng ngh\u1ec7 hi\u1ec7n \u0111\u1ea1i, s\u1ea3n ph\u1ea9m phong ph\u00fa, h\u1ed7 tr\u1ee3 t\u1eadn t\u00e2m n\u00ean n\u1ec1n t\u1ea3ng tr\u1edf th\u00e0nh \u0111i\u1ec3m \u0111\u1ebfn l\u00fd t\u01b0\u1edfng trong n\u0103m 2026.<\/span><\/p>\n<\/div>\n<\/div>\n<\/div>\n\t\t\n<style>\n#text-3210918410 {\n  color: rgb(0,0,0);\n}\n#text-3210918410 > * {\n  color: rgb(0,0,0);\n}\n<\/style>\n\t<\/div>\n\t\n\t\t<\/div>\n\t\t\t\t\t<\/div>\n\n\t\n<\/div>\n","protected":false},"excerpt":{"rendered":"","protected":false},"author":1,"featured_media":6,"parent":0,"menu_order":0,"comment_status":"closed","ping_status":"closed","template":"","meta":{"footnotes":""},"class_list":["post-31","page","type-page","status-publish","has-post-thumbnail","hentry"],"_links":{"self":[{"href":"https:\/\/bc88bet.one\/index.php?rest_route=\/wp\/v2\/pages\/31","targetHints":{"allow":["GET"]}}],"collection":[{"href":"https:\/\/bc88bet.one\/index.php?rest_route=\/wp\/v2\/pages"}],"about":[{"href":"https:\/\/bc88bet.one\/index.php?rest_route=\/wp\/v2\/types\/page"}],"author":[{"embeddable":true,"href":"https:\/\/bc88bet.one\/index.php?rest_route=\/wp\/v2\/users\/1"}],"replies":[{"embeddable":true,"href":"https:\/\/bc88bet.one\/index.php?rest_route=%2Fwp%2Fv2%2Fcomments&post=31"}],"version-history":[{"count":10,"href":"https:\/\/bc88bet.one\/index.php?rest_route=\/wp\/v2\/pages\/31\/revisions"}],"predecessor-version":[{"id":60,"href":"https:\/\/bc88bet.one\/index.php?rest_route=\/wp\/v2\/pages\/31\/revisions\/60"}],"wp:featuredmedia":[{"embeddable":true,"href":"https:\/\/bc88bet.one\/index.php?rest_route=\/wp\/v2\/media\/6"}],"wp:attachment":[{"href":"https:\/\/bc88bet.one\/index.php?rest_route=%2Fwp%2Fv2%2Fmedia&parent=31"}],"curies":[{"name":"wp","href":"https:\/\/api.w.org\/{rel}","templated":true}]}}